{"id":228,"date":"2016-12-30T10:20:07","date_gmt":"2016-12-30T10:20:07","guid":{"rendered":"http:\/\/lavanderiaelcactusazul.com\/?page_id=228"},"modified":"2020-02-20T13:27:06","modified_gmt":"2020-02-20T13:27:06","slug":"testimonials","status":"publish","type":"page","link":"https:\/\/lavanderiaelcactusazul.com\/index.php\/testimonials\/","title":{"rendered":"Testimonials"},"content":{"rendered":"<div class=\"wpb-content-wrapper\"><p>[vc_row full_width=&#8221;stretch_row&#8221; css=&#8221;.vc_custom_1483092678484{background-color: #eeebe5 !important;}&#8221;][vc_column][vc_empty_space alter_height=&#8221;huge&#8221; hide_on_mobile=&#8221;&#8221;][vc_empty_space height=&#8221;0.7em&#8221; alter_height=&#8221;none&#8221; hide_on_mobile=&#8221;&#8221;]<div id=\"sc_title_701964289\"\r\n\t\tclass=\"sc_title sc_title_default\"><h3 class=\"sc_item_title sc_title_title sc_align_center sc_item_title_style_default\">Join thousands happy customers<\/h3><\/div><!-- \/.sc_title -->[vc_empty_space alter_height=&#8221;medium&#8221; hide_on_mobile=&#8221;&#8221;][vc_empty_space height=&#8221;0.2em&#8221; alter_height=&#8221;none&#8221; hide_on_mobile=&#8221;&#8221;]<div id=\"dfd\" class=\"sc_testimonials sc_testimonials_default\" data-slides-per-view=\"3\" data-slides-min-width=\"300\"\t\t>\r\n\t\t<div class=\"sc_testimonials_columns sc_item_columns trx_addons_columns_wrap columns_padding_bottom\"><div class=\"trx_addons_column-1_3\"><div class=\"sc_testimonials_item\">\r\n\r\n\t<div class=\"sc_testimonials_item_author\">\r\n\t\t\t\t<div class=\"sc_testimonials_item_author_data\">\r\n\t\t\t<h4 class=\"sc_testimonials_item_author_title\">Gema C\u00e9spedes Perea<\/h4>\r\n\t\t\t<div class=\"sc_testimonials_item_author_subtitle\"><\/div>\r\n\t\t<\/div>\r\n\t<\/div>\r\n    <div class=\"sc_testimonials_item_content\"><p>La primera vez que he usado este servicio y encantada, estaba a punto de cerrar y el propietario muy amable no le ha importado quedarse un rato m\u00e1s, muy servicial, me ha explicado todo, he lavado 2 edredones n\u00f3rdicos y perfectos, sin duda repetir\u00e9 y recomiendo 100%<\/p>\n<\/div>\r\n\r\n<\/div>\r\n<\/div><div class=\"trx_addons_column-1_3\"><div class=\"sc_testimonials_item\">\r\n\r\n\t<div class=\"sc_testimonials_item_author\">\r\n\t\t\t\t<div class=\"sc_testimonials_item_author_data\">\r\n\t\t\t<h4 class=\"sc_testimonials_item_author_title\">Nidia Millar<\/h4>\r\n\t\t\t<div class=\"sc_testimonials_item_author_subtitle\"><\/div>\r\n\t\t<\/div>\r\n\t<\/div>\r\n    <div class=\"sc_testimonials_item_content\"><div class=\"jxjCjc\">\n<div class=\"gQfZge\">\n<div class=\"BgXiYe\">\n<div>\n<div class=\"Jtu6Td\"><span tabindex=\"-1\" data-expandable-section=\"\">Trabajan muy bien las m\u00e1quinas y dejan un olor maravilloso en las coladas.<\/span><\/div>\n<div class=\"hTt9T\"><\/div>\n<\/div>\n<\/div>\n<\/div>\n<\/div>\n<div class=\"GmO6pf\"><\/div>\n<\/div>\r\n\r\n<\/div>\r\n<\/div><div class=\"trx_addons_column-1_3\"><div class=\"sc_testimonials_item\">\r\n\r\n\t<div class=\"sc_testimonials_item_author\">\r\n\t\t\t\t<div class=\"sc_testimonials_item_author_data\">\r\n\t\t\t<h4 class=\"sc_testimonials_item_author_title\">Luis Bernardo Jimenez Gomez<\/h4>\r\n\t\t\t<div class=\"sc_testimonials_item_author_subtitle\"><\/div>\r\n\t\t<\/div>\r\n\t<\/div>\r\n    <div class=\"sc_testimonials_item_content\"><div class=\"jxjCjc\">\n<div class=\"gQfZge\">\n<div class=\"BgXiYe\">\n<div>\n<div class=\"Jtu6Td\"><span tabindex=\"-1\" data-expandable-section=\"\">Es muy buen sitio para lavar y secar todo tipo de ropa<\/span><\/div>\n<div class=\"hTt9T\"><\/div>\n<\/div>\n<\/div>\n<\/div>\n<\/div>\n<div class=\"GmO6pf\"><\/div>\n<\/div>\r\n\r\n<\/div>\r\n<\/div><div class=\"trx_addons_column-1_3\"><div class=\"sc_testimonials_item\">\r\n\r\n\t<div class=\"sc_testimonials_item_author\">\r\n\t\t\t\t<div class=\"sc_testimonials_item_author_data\">\r\n\t\t\t<h4 class=\"sc_testimonials_item_author_title\">Monica Titua\u00f1a<\/h4>\r\n\t\t\t<div class=\"sc_testimonials_item_author_subtitle\"><\/div>\r\n\t\t<\/div>\r\n\t<\/div>\r\n    <div class=\"sc_testimonials_item_content\"><div class=\"jxjCjc\">\n<div class=\"gQfZge\">\n<div class=\"BgXiYe\">\n<div>\n<div class=\"Jtu6Td\"><span class=\"f5axBf\" data-ved=\"2ahUKEwity6mhkIuDAxVbUaQEHcmaBXQQjSt6BQgBEJ0B\"><span tabindex=\"-1\" data-expandable-section=\"\"><span class=\"review-full-text\">Todo bien para lavar ,estoy muy contenta porque voy casi siempre, pero \u00faltimamente hay gente que lava las mantas de los perros y gatos ,soy muy al\u00e9rgica, la ropa se me llena de pelo de los animales y tengo muchas ronchas en el cuerpo. He tenido que estar quitando el pelo de perro de mi ropa . No me parece bien que laven lo de los perros y gatos d\u00f3nde lavamos nuestra ropa.<\/span><\/span><\/span><\/div>\n<div class=\"hTt9T\"><\/div>\n<\/div>\n<\/div>\n<\/div>\n<\/div>\n<\/div>\r\n\r\n<\/div>\r\n<\/div><div class=\"trx_addons_column-1_3\"><div class=\"sc_testimonials_item\">\r\n\r\n\t<div class=\"sc_testimonials_item_author\">\r\n\t\t\t\t<div class=\"sc_testimonials_item_author_data\">\r\n\t\t\t<h4 class=\"sc_testimonials_item_author_title\">Miguel A. Saura<\/h4>\r\n\t\t\t<div class=\"sc_testimonials_item_author_subtitle\"><\/div>\r\n\t\t<\/div>\r\n\t<\/div>\r\n    <div class=\"sc_testimonials_item_content\"><p>En menos de una hora te llevas la ropa limpia y seca. Puedes esperar all\u00ed mismo. Limpio y c\u00f3modo.<br \/>\nHay 3 lavadoras (10, 15 y 19 kilos) y dos secadoras, con uso muy sencillo.<br \/>\nEl detergente lo ponen las lavadoras Funciona con monedas de 1\u20ac.<br \/>\nEl tiempo medio del lavado oscila los 30 minutos y del secado a partir de 18 minutos.<br \/>\nFenomenal \ud83d\udc4c\ud83c\udffb<\/p>\n<\/div>\r\n\r\n<\/div>\r\n<\/div><div class=\"trx_addons_column-1_3\"><div class=\"sc_testimonials_item\">\r\n\r\n\t<div class=\"sc_testimonials_item_author\">\r\n\t\t\t\t<div class=\"sc_testimonials_item_author_data\">\r\n\t\t\t<h4 class=\"sc_testimonials_item_author_title\">Juan Eloy Bermejo<\/h4>\r\n\t\t\t<div class=\"sc_testimonials_item_author_subtitle\"><\/div>\r\n\t\t<\/div>\r\n\t<\/div>\r\n    <div class=\"sc_testimonials_item_content\"><p>C\u00f3modo, r\u00e1pido, buen precio y muy buena atenci\u00f3n. Hay que destacar que si hay alg\u00fan problema como nos pas\u00f3 a nosotros con la lavadora, llamamos al tel\u00e9fono que tienen all\u00ed detallado y en pocos minutos estaban all\u00ed. Lo solucionaron al instante.<\/p>\n<\/div>\r\n\r\n<\/div>\r\n<\/div><\/div><\/div><!-- \/.sc_testimonials -->[vc_empty_space alter_height=&#8221;big&#8221; hide_on_mobile=&#8221;&#8221;][vc_empty_space height=&#8221;2em&#8221; alter_height=&#8221;none&#8221; hide_on_mobile=&#8221;&#8221;][\/vc_column][\/vc_row][vc_row][vc_column][vc_empty_space alter_height=&#8221;big&#8221; hide_on_mobile=&#8221;&#8221;][vc_empty_space height=&#8221;2.65em&#8221; alter_height=&#8221;none&#8221; hide_on_mobile=&#8221;&#8221;]<div id=\"sc_content_1362113086\"\r\n\t\tclass=\"sc_content sc_content_default sc_float_center sc_align_center sc_content_width_2_3\"><div class=\"sc_content_container\"><div id=\"sc_title_1409157729\"\r\n\t\tclass=\"sc_title sc_title_default\"><h2 class=\"sc_item_title sc_title_title sc_align_center sc_item_title_style_default sc_item_title_tag\">LEAVE A TESTIMONIAL<\/h2><\/div><!-- \/.sc_title -->[vc_empty_space alter_height=&#8221;small&#8221; hide_on_mobile=&#8221;&#8221;][contact-form-7 id=&#8221;836&#8243;]<\/div><\/div><!-- \/.sc_content -->[vc_empty_space alter_height=&#8221;big&#8221; hide_on_mobile=&#8221;&#8221;][vc_empty_space height=&#8221;2em&#8221; alter_height=&#8221;none&#8221; hide_on_mobile=&#8221;&#8221;][\/vc_column][\/vc_row]<\/p>\n<\/div>","protected":false},"excerpt":{"rendered":"<p>[vc_row full_width=&#8221;stretch_row&#8221; css=&#8221;.vc_custom_1483092678484{background-color: #eeebe5 !important;}&#8221;][vc_column][vc_empty_space alter_height=&#8221;huge&#8221; hide_on_mobile=&#8221;&#8221;][vc_empty_space height=&#8221;0.7em&#8221; alter_height=&#8221;none&#8221; hide_on_mobile=&#8221;&#8221;][vc_empty_space alter_height=&#8221;medium&#8221; hide_on_mobile=&#8221;&#8221;][vc_empty_space height=&#8221;0.2em&#8221; alter_height=&#8221;none&#8221; hide_on_mobile=&#8221;&#8221;][vc_empty_space alter_height=&#8221;big&#8221; hide_on_mobile=&#8221;&#8221;][vc_empty_space height=&#8221;2em&#8221; alter_height=&#8221;none&#8221; hide_on_mobile=&#8221;&#8221;][\/vc_column][\/vc_row][vc_row][vc_column][vc_empty_space alter_height=&#8221;big&#8221; hide_on_mobile=&#8221;&#8221;][vc_empty_space height=&#8221;2.65em&#8221; alter_height=&#8221;none&#8221; hide_on_mobile=&#8221;&#8221;][vc_empty_space alter_height=&#8221;big&#8221; hide_on_mobile=&#8221;&#8221;][vc_empty_space height=&#8221;2em&#8221; alter_height=&#8221;none&#8221; hide_on_mobile=&#8221;&#8221;][\/vc_column][\/vc_row]<\/p>\n","protected":false},"author":1,"featured_media":0,"parent":0,"menu_order":0,"comment_status":"closed","ping_status":"closed","template":"","meta":{"footnotes":""},"class_list":["post-228","page","type-page","status-publish","hentry"],"_links":{"self":[{"href":"https:\/\/lavanderiaelcactusazul.com\/index.php\/wp-json\/wp\/v2\/pages\/228","targetHints":{"allow":["GET"]}}],"collection":[{"href":"https:\/\/lavanderiaelcactusazul.com\/index.php\/wp-json\/wp\/v2\/pages"}],"about":[{"href":"https:\/\/lavanderiaelcactusazul.com\/index.php\/wp-json\/wp\/v2\/types\/page"}],"author":[{"embeddable":true,"href":"https:\/\/lavanderiaelcactusazul.com\/index.php\/wp-json\/wp\/v2\/users\/1"}],"replies":[{"embeddable":true,"href":"https:\/\/lavanderiaelcactusazul.com\/index.php\/wp-json\/wp\/v2\/comments?post=228"}],"version-history":[{"count":0,"href":"https:\/\/lavanderiaelcactusazul.com\/index.php\/wp-json\/wp\/v2\/pages\/228\/revisions"}],"wp:attachment":[{"href":"https:\/\/lavanderiaelcactusazul.com\/index.php\/wp-json\/wp\/v2\/media?parent=228"}],"curies":[{"name":"wp","href":"https:\/\/api.w.org\/{rel}","templated":true}]}}