{"id":270,"date":"2016-12-30T14:04:12","date_gmt":"2016-12-30T14:04:12","guid":{"rendered":"http:\/\/lavanderiaelcactusazul.com\/?page_id=270"},"modified":"2017-01-20T15:19:17","modified_gmt":"2017-01-20T15:19:17","slug":"about-style-1","status":"publish","type":"page","link":"https:\/\/lavanderiaelcactusazul.com\/index.php\/about-style-1\/","title":{"rendered":"Mission"},"content":{"rendered":"<div class=\"wpb-content-wrapper\"><p>[vc_row][vc_column][vc_empty_space alter_height=&#8221;big&#8221; hide_on_mobile=&#8221;&#8221;][vc_empty_space height=&#8221;3.25em&#8221; alter_height=&#8221;none&#8221; hide_on_mobile=&#8221;&#8221;]<div class=\"sc_team sc_team_default\" data-slides-per-view=\"3\" data-slides-min-width=\"150\"\t\t>\r\n\t\t<h3 class=\"sc_item_title sc_team_title sc_align_center sc_item_title_style_default\">We're like a family<\/h3><div class=\"sc_team_columns sc_item_columns trx_addons_columns_wrap columns_padding_bottom\"><div class=\"trx_addons_column-1_3\"><div class=\"sc_team_item\">\r\n\t<div class=\"post_featured with_thumb hover_icon sc_team_item_thumb\"><img decoding=\"async\" width=\"1000\" height=\"1000\" data-src=\"https:\/\/lavanderiaelcactusazul.com\/wp-content\/uploads\/2016\/12\/team1.jpg\" class=\"attachment-laundrycity-thumb-avatar size-laundrycity-thumb-avatar wp-post-image lazyload\" alt=\"\" data-srcset=\"https:\/\/lavanderiaelcactusazul.com\/wp-content\/uploads\/2016\/12\/team1.jpg 1000w, https:\/\/lavanderiaelcactusazul.com\/wp-content\/uploads\/2016\/12\/team1-300x300.jpg 300w, https:\/\/lavanderiaelcactusazul.com\/wp-content\/uploads\/2016\/12\/team1-150x150.jpg 150w, https:\/\/lavanderiaelcactusazul.com\/wp-content\/uploads\/2016\/12\/team1-768x768.jpg 768w, https:\/\/lavanderiaelcactusazul.com\/wp-content\/uploads\/2016\/12\/team1-370x370.jpg 370w, https:\/\/lavanderiaelcactusazul.com\/wp-content\/uploads\/2016\/12\/team1-90x90.jpg 90w, https:\/\/lavanderiaelcactusazul.com\/wp-content\/uploads\/2016\/12\/team1-760x760.jpg 760w\" data-sizes=\"(max-width: 1000px) 100vw, 1000px\" src=\"data:image\/svg+xml;base64,PHN2ZyB3aWR0aD0iMSIgaGVpZ2h0PSIxIiB4bWxucz0iaHR0cDovL3d3dy53My5vcmcvMjAwMC9zdmciPjwvc3ZnPg==\" style=\"--smush-placeholder-width: 1000px; --smush-placeholder-aspect-ratio: 1000\/1000;\" \/><div class=\"mask\"><\/div><div class=\"icons\"><a href=\"https:\/\/lavanderiaelcactusazul.com\/index.php\/team\/emma-walker\/\" aria-hidden=\"true\" class=\"icon-plus\"><\/a><\/div><\/div>\t<div class=\"sc_team_item_info\">\r\n\t\t<div class=\"sc_team_item_header\">\r\n\t\t\t<h4 class=\"sc_team_item_title\"><a href=\"https:\/\/lavanderiaelcactusazul.com\/index.php\/team\/emma-walker\/\">Emma Walker<\/a><\/h4>\r\n\t\t\t<div class=\"sc_team_item_subtitle\">housekeeper<\/div>\r\n\t\t<\/div>\r\n\t\t<div class=\"sc_team_item_socials\"><span class=\"social_item\"><a href=\"https:\/\/www.facebook.com\/AxiomThemes-505060569826537\/\" target=\"_blank\" class=\"social_icons social_facebook\"><span class=\"trx_addons_icon-facebook\"><\/span><\/a><\/span><span class=\"social_item\"><a href=\"mailto:emma@example.com\/\" target=\"_blank\" class=\"social_icons social_mail\"><span class=\"trx_addons_icon-mail\"><\/span><\/a><\/span><span class=\"social_item\"><a href=\"https:\/\/twitter.com\/ThemesAxiom\" target=\"_blank\" class=\"social_icons social_x\"><span class=\"trx_addons_icon-x\"><\/span><\/a><\/span><\/div>\t\t<div class=\"sc_team_item_button\"><a href=\"https:\/\/lavanderiaelcactusazul.com\/index.php\/team\/emma-walker\/\" class=\"sc_button sc_button_simple\">Learn more<\/a><\/div>\r\n\t<\/div>\r\n<\/div>\r\n<\/div><div class=\"trx_addons_column-1_3\"><div class=\"sc_team_item\">\r\n\t<div class=\"post_featured with_thumb hover_icon sc_team_item_thumb\"><img decoding=\"async\" width=\"1001\" height=\"1000\" data-src=\"https:\/\/lavanderiaelcactusazul.com\/wp-content\/uploads\/2016\/12\/team2.jpg\" class=\"attachment-laundrycity-thumb-avatar size-laundrycity-thumb-avatar wp-post-image lazyload\" alt=\"\" data-srcset=\"https:\/\/lavanderiaelcactusazul.com\/wp-content\/uploads\/2016\/12\/team2.jpg 1001w, https:\/\/lavanderiaelcactusazul.com\/wp-content\/uploads\/2016\/12\/team2-300x300.jpg 300w, https:\/\/lavanderiaelcactusazul.com\/wp-content\/uploads\/2016\/12\/team2-150x150.jpg 150w, https:\/\/lavanderiaelcactusazul.com\/wp-content\/uploads\/2016\/12\/team2-768x767.jpg 768w, https:\/\/lavanderiaelcactusazul.com\/wp-content\/uploads\/2016\/12\/team2-370x370.jpg 370w, https:\/\/lavanderiaelcactusazul.com\/wp-content\/uploads\/2016\/12\/team2-90x90.jpg 90w, https:\/\/lavanderiaelcactusazul.com\/wp-content\/uploads\/2016\/12\/team2-760x759.jpg 760w\" data-sizes=\"(max-width: 1001px) 100vw, 1001px\" src=\"data:image\/svg+xml;base64,PHN2ZyB3aWR0aD0iMSIgaGVpZ2h0PSIxIiB4bWxucz0iaHR0cDovL3d3dy53My5vcmcvMjAwMC9zdmciPjwvc3ZnPg==\" style=\"--smush-placeholder-width: 1001px; --smush-placeholder-aspect-ratio: 1001\/1000;\" \/><div class=\"mask\"><\/div><div class=\"icons\"><a href=\"https:\/\/lavanderiaelcactusazul.com\/index.php\/team\/paul-jameson\/\" aria-hidden=\"true\" class=\"icon-plus\"><\/a><\/div><\/div>\t<div class=\"sc_team_item_info\">\r\n\t\t<div class=\"sc_team_item_header\">\r\n\t\t\t<h4 class=\"sc_team_item_title\"><a href=\"https:\/\/lavanderiaelcactusazul.com\/index.php\/team\/paul-jameson\/\">Paul Jameson<\/a><\/h4>\r\n\t\t\t<div class=\"sc_team_item_subtitle\">administrator<\/div>\r\n\t\t<\/div>\r\n\t\t<div class=\"sc_team_item_socials\"><span class=\"social_item\"><a href=\"https:\/\/www.facebook.com\/AxiomThemes-505060569826537\/\" target=\"_blank\" class=\"social_icons social_facebook\"><span class=\"trx_addons_icon-facebook\"><\/span><\/a><\/span><span class=\"social_item\"><a href=\"mailto:paul@example.com\/\" target=\"_blank\" class=\"social_icons social_mail\"><span class=\"trx_addons_icon-mail\"><\/span><\/a><\/span><span class=\"social_item\"><a href=\"https:\/\/twitter.com\/ThemesAxiom\" target=\"_blank\" class=\"social_icons social_x\"><span class=\"trx_addons_icon-x\"><\/span><\/a><\/span><\/div>\t\t<div class=\"sc_team_item_button\"><a href=\"https:\/\/lavanderiaelcactusazul.com\/index.php\/team\/paul-jameson\/\" class=\"sc_button sc_button_simple\">Learn more<\/a><\/div>\r\n\t<\/div>\r\n<\/div>\r\n<\/div><div class=\"trx_addons_column-1_3\"><div class=\"sc_team_item\">\r\n\t<div class=\"post_featured with_thumb hover_icon sc_team_item_thumb\"><img decoding=\"async\" width=\"1000\" height=\"1000\" data-src=\"https:\/\/lavanderiaelcactusazul.com\/wp-content\/uploads\/2016\/12\/team3.jpg\" class=\"attachment-laundrycity-thumb-avatar size-laundrycity-thumb-avatar wp-post-image lazyload\" alt=\"\" data-srcset=\"https:\/\/lavanderiaelcactusazul.com\/wp-content\/uploads\/2016\/12\/team3.jpg 1000w, https:\/\/lavanderiaelcactusazul.com\/wp-content\/uploads\/2016\/12\/team3-300x300.jpg 300w, https:\/\/lavanderiaelcactusazul.com\/wp-content\/uploads\/2016\/12\/team3-150x150.jpg 150w, https:\/\/lavanderiaelcactusazul.com\/wp-content\/uploads\/2016\/12\/team3-768x768.jpg 768w, https:\/\/lavanderiaelcactusazul.com\/wp-content\/uploads\/2016\/12\/team3-370x370.jpg 370w, https:\/\/lavanderiaelcactusazul.com\/wp-content\/uploads\/2016\/12\/team3-90x90.jpg 90w, https:\/\/lavanderiaelcactusazul.com\/wp-content\/uploads\/2016\/12\/team3-760x760.jpg 760w\" data-sizes=\"(max-width: 1000px) 100vw, 1000px\" src=\"data:image\/svg+xml;base64,PHN2ZyB3aWR0aD0iMSIgaGVpZ2h0PSIxIiB4bWxucz0iaHR0cDovL3d3dy53My5vcmcvMjAwMC9zdmciPjwvc3ZnPg==\" style=\"--smush-placeholder-width: 1000px; --smush-placeholder-aspect-ratio: 1000\/1000;\" \/><div class=\"mask\"><\/div><div class=\"icons\"><a href=\"https:\/\/lavanderiaelcactusazul.com\/index.php\/team\/tammy-woods\/\" aria-hidden=\"true\" class=\"icon-plus\"><\/a><\/div><\/div>\t<div class=\"sc_team_item_info\">\r\n\t\t<div class=\"sc_team_item_header\">\r\n\t\t\t<h4 class=\"sc_team_item_title\"><a href=\"https:\/\/lavanderiaelcactusazul.com\/index.php\/team\/tammy-woods\/\">Tammy Woods<\/a><\/h4>\r\n\t\t\t<div class=\"sc_team_item_subtitle\">evs director<\/div>\r\n\t\t<\/div>\r\n\t\t<div class=\"sc_team_item_socials\"><span class=\"social_item\"><a href=\"https:\/\/www.facebook.com\/AxiomThemes-505060569826537\/\" target=\"_blank\" class=\"social_icons social_facebook\"><span class=\"trx_addons_icon-facebook\"><\/span><\/a><\/span><span class=\"social_item\"><a href=\"mailto:tammy@example.com\/\" target=\"_blank\" class=\"social_icons social_mail\"><span class=\"trx_addons_icon-mail\"><\/span><\/a><\/span><span class=\"social_item\"><a href=\"https:\/\/twitter.com\/ThemesAxiom\" target=\"_blank\" class=\"social_icons social_x\"><span class=\"trx_addons_icon-x\"><\/span><\/a><\/span><\/div>\t\t<div class=\"sc_team_item_button\"><a href=\"https:\/\/lavanderiaelcactusazul.com\/index.php\/team\/tammy-woods\/\" class=\"sc_button sc_button_simple\">Learn more<\/a><\/div>\r\n\t<\/div>\r\n<\/div>\r\n<\/div><\/div><\/div><!-- \/.sc_team -->[vc_empty_space alter_height=&#8221;small&#8221; hide_on_mobile=&#8221;&#8221;][vc_empty_space height=&#8221;0.55em&#8221; alter_height=&#8221;none&#8221; hide_on_mobile=&#8221;&#8221;][\/vc_column][\/vc_row][vc_row full_width=&#8221;stretch_row&#8221; css=&#8221;.vc_custom_1482847098011{background-color: #eeebe5 !important;}&#8221;][vc_column][vc_empty_space alter_height=&#8221;big&#8221; hide_on_mobile=&#8221;&#8221;][vc_empty_space height=&#8221;2.8em&#8221; alter_height=&#8221;none&#8221; hide_on_mobile=&#8221;&#8221;]<div id=\"dfd\" class=\"sc_testimonials sc_testimonials_default swiper-slider-container slider_swiper slider_noresize slider_controls slider_controls_bottom slider_nopagination\" data-slides-per-view=\"3\" data-slides-min-width=\"300\"\t\t>\r\n\t\t<h3 class=\"sc_item_title sc_testimonials_title sc_align_default sc_item_title_style_default\">Join thousands happy customers<\/h3><div class=\"sc_testimonials_slider sc_item_slider slides swiper-wrapper\"><div class=\"swiper-slide\"><div class=\"sc_testimonials_item\">\r\n\r\n\t<div class=\"sc_testimonials_item_author\">\r\n\t\t\t\t<div class=\"sc_testimonials_item_author_data\">\r\n\t\t\t<h4 class=\"sc_testimonials_item_author_title\">Gema C\u00e9spedes Perea<\/h4>\r\n\t\t\t<div class=\"sc_testimonials_item_author_subtitle\"><\/div>\r\n\t\t<\/div>\r\n\t<\/div>\r\n    <div class=\"sc_testimonials_item_content\"><p>La primera vez que he usado este servicio y encantada, estaba a punto de cerrar y el propietario muy amable no le ha importado quedarse un rato m\u00e1s, muy servicial, me ha explicado todo, he lavado 2 edredones n\u00f3rdicos y perfectos, sin duda repetir\u00e9 y recomiendo 100%<\/p>\n<\/div>\r\n\r\n<\/div>\r\n<\/div><div class=\"swiper-slide\"><div class=\"sc_testimonials_item\">\r\n\r\n\t<div class=\"sc_testimonials_item_author\">\r\n\t\t\t\t<div class=\"sc_testimonials_item_author_data\">\r\n\t\t\t<h4 class=\"sc_testimonials_item_author_title\">Nidia Millar<\/h4>\r\n\t\t\t<div class=\"sc_testimonials_item_author_subtitle\"><\/div>\r\n\t\t<\/div>\r\n\t<\/div>\r\n    <div class=\"sc_testimonials_item_content\"><div class=\"jxjCjc\">\n<div class=\"gQfZge\">\n<div class=\"BgXiYe\">\n<div>\n<div class=\"Jtu6Td\"><span tabindex=\"-1\" data-expandable-section=\"\">Trabajan muy bien las m\u00e1quinas y dejan un olor maravilloso en las coladas.<\/span><\/div>\n<div class=\"hTt9T\"><\/div>\n<\/div>\n<\/div>\n<\/div>\n<\/div>\n<div class=\"GmO6pf\"><\/div>\n<\/div>\r\n\r\n<\/div>\r\n<\/div><div class=\"swiper-slide\"><div class=\"sc_testimonials_item\">\r\n\r\n\t<div class=\"sc_testimonials_item_author\">\r\n\t\t\t\t<div class=\"sc_testimonials_item_author_data\">\r\n\t\t\t<h4 class=\"sc_testimonials_item_author_title\">Luis Bernardo Jimenez Gomez<\/h4>\r\n\t\t\t<div class=\"sc_testimonials_item_author_subtitle\"><\/div>\r\n\t\t<\/div>\r\n\t<\/div>\r\n    <div class=\"sc_testimonials_item_content\"><div class=\"jxjCjc\">\n<div class=\"gQfZge\">\n<div class=\"BgXiYe\">\n<div>\n<div class=\"Jtu6Td\"><span tabindex=\"-1\" data-expandable-section=\"\">Es muy buen sitio para lavar y secar todo tipo de ropa<\/span><\/div>\n<div class=\"hTt9T\"><\/div>\n<\/div>\n<\/div>\n<\/div>\n<\/div>\n<div class=\"GmO6pf\"><\/div>\n<\/div>\r\n\r\n<\/div>\r\n<\/div><div class=\"swiper-slide\"><div class=\"sc_testimonials_item\">\r\n\r\n\t<div class=\"sc_testimonials_item_author\">\r\n\t\t\t\t<div class=\"sc_testimonials_item_author_data\">\r\n\t\t\t<h4 class=\"sc_testimonials_item_author_title\">Monica Titua\u00f1a<\/h4>\r\n\t\t\t<div class=\"sc_testimonials_item_author_subtitle\"><\/div>\r\n\t\t<\/div>\r\n\t<\/div>\r\n    <div class=\"sc_testimonials_item_content\"><div class=\"jxjCjc\">\n<div class=\"gQfZge\">\n<div class=\"BgXiYe\">\n<div>\n<div class=\"Jtu6Td\"><span class=\"f5axBf\" data-ved=\"2ahUKEwity6mhkIuDAxVbUaQEHcmaBXQQjSt6BQgBEJ0B\"><span tabindex=\"-1\" data-expandable-section=\"\"><span class=\"review-full-text\">Todo bien para lavar ,estoy muy contenta porque voy casi siempre, pero \u00faltimamente hay gente que lava las mantas de los perros y gatos ,soy muy al\u00e9rgica, la ropa se me llena de pelo de los animales y tengo muchas ronchas en el cuerpo. He tenido que estar quitando el pelo de perro de mi ropa . No me parece bien que laven lo de los perros y gatos d\u00f3nde lavamos nuestra ropa.<\/span><\/span><\/span><\/div>\n<div class=\"hTt9T\"><\/div>\n<\/div>\n<\/div>\n<\/div>\n<\/div>\n<\/div>\r\n\r\n<\/div>\r\n<\/div><\/div><div class=\"slider_controls_wrap\"><a class=\"slider_prev swiper-button-prev\" href=\"#\"><\/a><a class=\"slider_next swiper-button-next\" href=\"#\"><\/a><\/div><\/div><!-- \/.sc_testimonials -->[vc_empty_space alter_height=&#8221;huge&#8221; hide_on_mobile=&#8221;&#8221;][vc_empty_space height=&#8221;0.55em&#8221; alter_height=&#8221;none&#8221; hide_on_mobile=&#8221;&#8221;][\/vc_column][\/vc_row][vc_row full_width=&#8221;stretch_row_content_no_spaces&#8221; css=&#8221;.vc_custom_1483106067930{background-image: url(https:\/\/lavanderiaelcactusazul.com\/wp-content\/uploads\/2016\/12\/bg_apps.jpg?id=274) !important;background-position: center !important;background-repeat: no-repeat !important;background-size: cover !important;}&#8221;][vc_column width=&#8221;1\/2&#8243; css=&#8221;.vc_custom_1484753197072{margin-left: 14% !important;}&#8221; el_class=&#8221;hide_margin_row&#8221;][vc_empty_space alter_height=&#8221;huge&#8221; hide_on_mobile=&#8221;&#8221;][vc_empty_space height=&#8221;0.1em&#8221; alter_height=&#8221;none&#8221; hide_on_mobile=&#8221;&#8221;][vc_custom_heading text=&#8221;don\u2019t miss our new application&#8221; font_container=&#8221;tag:h6|font_size:20px|text_align:left|color:%23e34a32&#8243; use_theme_fonts=&#8221;yes&#8221;][vc_empty_space hide_on_mobile=&#8221;&#8221;][vc_empty_space height=&#8221;0.5em&#8221; alter_height=&#8221;none&#8221; hide_on_mobile=&#8221;&#8221;][vc_custom_heading text=&#8221;Get Our Mobile Apps for &#8221; font_container=&#8221;tag:h1|text_align:left&#8221; use_theme_fonts=&#8221;yes&#8221; css=&#8221;.vc_custom_1484236664758{margin-top: 0px !important;margin-bottom: 0px !important;}&#8221;][vc_custom_heading text=&#8221;Easy and Convenient Usage&#8221; font_container=&#8221;tag:h1|text_align:left&#8221; use_theme_fonts=&#8221;yes&#8221; css=&#8221;.vc_custom_1484235689418{margin-top: 0px !important;margin-bottom: 0px !important;}&#8221;][vc_empty_space alter_height=&#8221;small&#8221; hide_on_mobile=&#8221;&#8221;][vc_empty_space height=&#8221;0.7em&#8221; alter_height=&#8221;none&#8221; hide_on_mobile=&#8221;&#8221;]<div class=\"sc_item_button sc_button_wrap\"><a href=\"#\" id=\"sc_button_558552989\" class=\"sc_button sc_button_default  vc_custom_1484237274620 sc_button_size_large sc_button_icon_left\"><span class=\"sc_button_icon\"><img decoding=\"async\" data-src=\"https:\/\/lavanderiaelcactusazul.com\/wp-content\/uploads\/2016\/12\/2app.png\" alt=\"\" width=\"26\" height=\"32\" src=\"data:image\/svg+xml;base64,PHN2ZyB3aWR0aD0iMSIgaGVpZ2h0PSIxIiB4bWxucz0iaHR0cDovL3d3dy53My5vcmcvMjAwMC9zdmciPjwvc3ZnPg==\" class=\"lazyload\" style=\"--smush-placeholder-width: 26px; --smush-placeholder-aspect-ratio: 26\/32;\"><\/span><span class=\"sc_button_text\" data-text=\"Apple Store\"><span class=\"sc_button_subtitle\">download from<\/span><span class=\"sc_button_title\">Apple Store<\/span><\/span><!-- \/.sc_button_text --><\/a><!-- \/.sc_button --><\/div><!-- \/.sc_item_button --><div class=\"sc_item_button sc_button_wrap\"><a href=\"#\" id=\"sc_button_1376084624\" class=\"sc_button sc_button_default  vc_custom_1484238296676 sc_button_size_large sc_button_icon_left\"><span class=\"sc_button_icon\"><img decoding=\"async\" data-src=\"https:\/\/lavanderiaelcactusazul.com\/wp-content\/uploads\/2016\/12\/1app.png\" alt=\"\" width=\"28\" height=\"31\" src=\"data:image\/svg+xml;base64,PHN2ZyB3aWR0aD0iMSIgaGVpZ2h0PSIxIiB4bWxucz0iaHR0cDovL3d3dy53My5vcmcvMjAwMC9zdmciPjwvc3ZnPg==\" class=\"lazyload\" style=\"--smush-placeholder-width: 28px; --smush-placeholder-aspect-ratio: 28\/31;\"><\/span><span class=\"sc_button_text\" data-text=\"Google Play\"><span class=\"sc_button_subtitle\">download from<\/span><span class=\"sc_button_title\">Google Play<\/span><\/span><!-- \/.sc_button_text --><\/a><!-- \/.sc_button --><\/div><!-- \/.sc_item_button -->[vc_empty_space alter_height=&#8221;huge&#8221; hide_on_mobile=&#8221;&#8221;][vc_empty_space height=&#8221;2.2em&#8221; alter_height=&#8221;none&#8221; hide_on_mobile=&#8221;&#8221;][\/vc_column][vc_column width=&#8221;1\/2&#8243;][\/vc_column][\/vc_row]<\/p>\n<\/div>","protected":false},"excerpt":{"rendered":"<p>[vc_row][vc_column][vc_empty_space alter_height=&#8221;big&#8221; hide_on_mobile=&#8221;&#8221;][vc_empty_space height=&#8221;3.25em&#8221; alter_height=&#8221;none&#8221; hide_on_mobile=&#8221;&#8221;][vc_empty_space alter_height=&#8221;small&#8221; hide_on_mobile=&#8221;&#8221;][vc_empty_space height=&#8221;0.55em&#8221; alter_height=&#8221;none&#8221; hide_on_mobile=&#8221;&#8221;][\/vc_column][\/vc_row][vc_row full_width=&#8221;stretch_row&#8221; css=&#8221;.vc_custom_1482847098011{background-color: #eeebe5 !important;}&#8221;][vc_column][vc_empty_space alter_height=&#8221;big&#8221; hide_on_mobile=&#8221;&#8221;][vc_empty_space height=&#8221;2.8em&#8221; alter_height=&#8221;none&#8221; hide_on_mobile=&#8221;&#8221;][vc_empty_space alter_height=&#8221;huge&#8221; hide_on_mobile=&#8221;&#8221;][vc_empty_space height=&#8221;0.55em&#8221; alter_height=&#8221;none&#8221; hide_on_mobile=&#8221;&#8221;][\/vc_column][\/vc_row][vc_row full_width=&#8221;stretch_row_content_no_spaces&#8221; css=&#8221;.vc_custom_1483106067930{background-image: url(https:\/\/lavanderiaelcactusazul.com\/wp-content\/uploads\/2016\/12\/bg_apps.jpg?id=274) !important;background-position: center !important;background-repeat: no-repeat !important;background-size: cover !important;}&#8221;][vc_column width=&#8221;1\/2&#8243; css=&#8221;.vc_custom_1484753197072{margin-left: 14% !important;}&#8221; el_class=&#8221;hide_margin_row&#8221;][vc_empty_space&hellip;<\/p>\n","protected":false},"author":1,"featured_media":0,"parent":0,"menu_order":0,"comment_status":"closed","ping_status":"closed","template":"","meta":{"footnotes":""},"class_list":["post-270","page","type-page","status-publish","hentry"],"_links":{"self":[{"href":"https:\/\/lavanderiaelcactusazul.com\/index.php\/wp-json\/wp\/v2\/pages\/270","targetHints":{"allow":["GET"]}}],"collection":[{"href":"https:\/\/lavanderiaelcactusazul.com\/index.php\/wp-json\/wp\/v2\/pages"}],"about":[{"href":"https:\/\/lavanderiaelcactusazul.com\/index.php\/wp-json\/wp\/v2\/types\/page"}],"author":[{"embeddable":true,"href":"https:\/\/lavanderiaelcactusazul.com\/index.php\/wp-json\/wp\/v2\/users\/1"}],"replies":[{"embeddable":true,"href":"https:\/\/lavanderiaelcactusazul.com\/index.php\/wp-json\/wp\/v2\/comments?post=270"}],"version-history":[{"count":0,"href":"https:\/\/lavanderiaelcactusazul.com\/index.php\/wp-json\/wp\/v2\/pages\/270\/revisions"}],"wp:attachment":[{"href":"https:\/\/lavanderiaelcactusazul.com\/index.php\/wp-json\/wp\/v2\/media?parent=270"}],"curies":[{"name":"wp","href":"https:\/\/api.w.org\/{rel}","templated":true}]}}